{"id":9,"date":"2026-01-14T10:53:43","date_gmt":"2026-01-14T10:53:43","guid":{"rendered":"https:\/\/leschevauxdespessageries.fr\/?page_id=9"},"modified":"2026-01-17T08:46:55","modified_gmt":"2026-01-17T08:46:55","slug":"les-chevaux-des-pessageries","status":"publish","type":"page","link":"https:\/\/leschevauxdespessageries.fr\/","title":{"rendered":"Accueil"},"content":{"rendered":"\n<div class=\"wp-block-group alignfull is-style-default has-base-background-color has-background has-global-padding is-layout-constrained wp-container-core-group-is-layout-0c9c989a wp-block-group-is-layout-constrained\" style=\"min-height:0vh;margin-top:0;margin-bottom:0;padding-top:var(--wp--preset--spacing--70);padding-right:var(--wp--preset--spacing--40);padding-bottom:var(--wp--preset--spacing--70);padding-left:var(--wp--preset--spacing--40)\">\n<div class=\"wp-block-group has-global-padding is-layout-constrained wp-container-core-group-is-layout-346627ba wp-block-group-is-layout-constrained\">\n<h2 class=\"wp-block-heading has-text-align-center has-xx-large-font-size\" style=\"margin-right:0;margin-left:0;padding-right:0;padding-left:0\">\u00ab\u00a0Notre passion des chevaux nous a amen\u00e9s \u00e0 devenir \u00e9leveurs. Notre amour s\u2019est port\u00e9 tout particuli\u00e8rement sur le cheval <strong>Camargue <\/strong>ainsi que sur <strong>l\u2019Irish Cob<\/strong>\u201c<\/h2>\n\n\n\n<p class=\"has-text-align-right has-small-font-size\">St\u00e9phanie Dominguez<\/p>\n<\/div>\n\n\n\n<figure class=\"wp-block-image aligncenter size-full is-resized\"><img loading=\"lazy\" decoding=\"async\" width=\"512\" height=\"512\" src=\"http:\/\/leschevauxdespessageries.fr\/wp-content\/uploads\/2026\/01\/cropped-logo-mas-png.png\" alt=\"logo chevaux des messageries\" class=\"wp-image-22\" style=\"width:394px;height:auto\" srcset=\"https:\/\/leschevauxdespessageries.fr\/wp-content\/uploads\/2026\/01\/cropped-logo-mas-png.png 512w, https:\/\/leschevauxdespessageries.fr\/wp-content\/uploads\/2026\/01\/cropped-logo-mas-png-300x300.png 300w, https:\/\/leschevauxdespessageries.fr\/wp-content\/uploads\/2026\/01\/cropped-logo-mas-png-150x150.png 150w, https:\/\/leschevauxdespessageries.fr\/wp-content\/uploads\/2026\/01\/cropped-logo-mas-png-270x270.png 270w, https:\/\/leschevauxdespessageries.fr\/wp-content\/uploads\/2026\/01\/cropped-logo-mas-png-192x192.png 192w, https:\/\/leschevauxdespessageries.fr\/wp-content\/uploads\/2026\/01\/cropped-logo-mas-png-180x180.png 180w, https:\/\/leschevauxdespessageries.fr\/wp-content\/uploads\/2026\/01\/cropped-logo-mas-png-32x32.png 32w\" sizes=\"auto, (max-width: 512px) 100vw, 512px\" \/><\/figure>\n<\/div>\n\n\n\n<div class=\"wp-block-group alignfull is-style-section-1 has-accent-5-background-color has-background has-global-padding is-layout-constrained wp-block-group-is-layout-constrained is-style-section-1--1\" style=\"margin-top:0;margin-bottom:0;padding-top:var(--wp--preset--spacing--80);padding-bottom:var(--wp--preset--spacing--80)\">\n<div class=\"wp-block-columns alignwide has-contrast-color has-accent-5-background-color has-text-color has-background has-link-color wp-elements-1a568134946c521defa1ec8d8cfdbda2 is-layout-flex wp-container-core-columns-is-layout-66fad18a wp-block-columns-is-layout-flex\">\n<div class=\"wp-block-column is-layout-flow wp-block-column-is-layout-flow\" style=\"padding-right:var(--wp--preset--spacing--50);flex-basis:45%\">\n<figure class=\"wp-block-image size-full\"><img loading=\"lazy\" decoding=\"async\" width=\"1284\" height=\"2109\" src=\"http:\/\/leschevauxdespessageries.fr\/wp-content\/uploads\/2026\/01\/IMG_1551.jpg\" alt=\"\" class=\"wp-image-20\" srcset=\"https:\/\/leschevauxdespessageries.fr\/wp-content\/uploads\/2026\/01\/IMG_1551.jpg 1284w, https:\/\/leschevauxdespessageries.fr\/wp-content\/uploads\/2026\/01\/IMG_1551-183x300.jpg 183w, https:\/\/leschevauxdespessageries.fr\/wp-content\/uploads\/2026\/01\/IMG_1551-623x1024.jpg 623w, https:\/\/leschevauxdespessageries.fr\/wp-content\/uploads\/2026\/01\/IMG_1551-768x1261.jpg 768w, https:\/\/leschevauxdespessageries.fr\/wp-content\/uploads\/2026\/01\/IMG_1551-935x1536.jpg 935w, https:\/\/leschevauxdespessageries.fr\/wp-content\/uploads\/2026\/01\/IMG_1551-1247x2048.jpg 1247w\" sizes=\"auto, (max-width: 1284px) 100vw, 1284px\" \/><\/figure>\n\n\n\n<div class=\"wp-block-group has-global-padding is-layout-constrained wp-block-group-is-layout-constrained\" style=\"margin-top:-12vw\">\n<figure class=\"wp-block-image alignright size-full is-resized\" style=\"margin-right:-5vw;margin-left:-5vw\"><img loading=\"lazy\" decoding=\"async\" width=\"1536\" height=\"2048\" src=\"http:\/\/leschevauxdespessageries.fr\/wp-content\/uploads\/2026\/01\/6d8c64e1-e0bc-4b94-b575-dbb5fe9a206f.jpg\" alt=\"\" class=\"wp-image-49\" style=\"aspect-ratio:0.7500145036839357;width:310px;height:auto\" srcset=\"https:\/\/leschevauxdespessageries.fr\/wp-content\/uploads\/2026\/01\/6d8c64e1-e0bc-4b94-b575-dbb5fe9a206f.jpg 1536w, https:\/\/leschevauxdespessageries.fr\/wp-content\/uploads\/2026\/01\/6d8c64e1-e0bc-4b94-b575-dbb5fe9a206f-225x300.jpg 225w, https:\/\/leschevauxdespessageries.fr\/wp-content\/uploads\/2026\/01\/6d8c64e1-e0bc-4b94-b575-dbb5fe9a206f-768x1024.jpg 768w, https:\/\/leschevauxdespessageries.fr\/wp-content\/uploads\/2026\/01\/6d8c64e1-e0bc-4b94-b575-dbb5fe9a206f-1152x1536.jpg 1152w\" sizes=\"auto, (max-width: 1536px) 100vw, 1536px\" \/><\/figure>\n<\/div>\n<\/div>\n\n\n\n<div class=\"wp-block-column is-vertically-aligned-center is-layout-flow wp-block-column-is-layout-flow\" style=\"padding-right:0;padding-left:0;flex-basis:50%\">\n<div class=\"wp-block-group is-vertical is-layout-flex wp-container-core-group-is-layout-fe9cc265 wp-block-group-is-layout-flex\">\n<h2 class=\"wp-block-heading is-style-text-annotation has-contrast-color has-text-color has-link-color wp-elements-1bfe0f1e6355c0d8658fedad02742244 is-style-text-annotation--2\">Notre histoire<\/h2>\n<\/div>\n\n\n\n<p class=\"is-style-text-subtitle has-contrast-color has-text-color has-link-color wp-elements-be938406d568013dc40713281418c5ec is-style-text-subtitle--3\"><strong>Les Chevaux des Pessageries sont n\u00e9s d\u2019une passion profonde pour le cheval et d\u2019une aventure familiale guid\u00e9e par le c\u0153ur. Install\u00e9 \u00e0 Saint-Gr\u00e9goire, pr\u00e8s d\u2019Albi dans le Tarn, notre \u00e9levage s\u2019est construit autour de deux races d\u2019exception : l\u2019Irish Cob et le Camargue, choisies pour leur authenticit\u00e9, leur mental et leur g\u00e9n\u00e9rosit\u00e9.<\/strong><\/p>\n\n\n\n<p style=\"font-size:clamp(14px, 0.875rem + ((1vw - 3.2px) * 0.392), 18px);\"><strong>Ici, chaque cheval grandit dans le respect, l\u2019\u00e9coute et la patience. Nous croyons en une relation bas\u00e9e sur la confiance, o\u00f9 le bien-\u00eatre et l\u2019\u00e9quilibre du cheval sont au centre de tout. Notre objectif est simple : faire na\u00eetre des chevaux proches de l\u2019homme, polyvalents et fiers de leurs origines.<\/strong><\/p>\n\n\n\n<p><strong>St\u00e9phanie, \u00e9leveuse passionn\u00e9e et juge officielle de la race Irish Cob, veille avec exigence et amour au respect des standards et \u00e0 la qualit\u00e9 de chaque naissance. Son regard expert et son engagement donnent une \u00e2me \u00e0 notre \u00e9levage.<\/strong><\/p>\n\n\n\n<!--more-->\n\n\n\n<p class=\"has-custom-1-font-size\"><strong>\u00c0 ses c\u00f4t\u00e9s, notre fils Nathan, cavalier investi, fait vivre nos chevaux au quotidien. Du dressage en libert\u00e9 au tri de vache, jusqu\u2019aux concours en race Camargue, il r\u00e9v\u00e8le leur intelligence, leur courage et leur incroyable sens du partenariat.<\/strong><\/p>\n\n\n\n<p class=\"is-style-text-subtitle has-contrast-color has-text-color has-link-color wp-elements-8db6b0a593bd5b19d1fd9a4c918a342b is-style-text-subtitle--4\"><strong>Les Chevaux des Pessageries, c\u2019est une histoire de passion, de transmission et de respect\u2026 une histoire \u00e9crite \u00e0 quatre mains, au rythme des sabots.<\/strong><\/p>\n<\/div>\n<\/div>\n<\/div>\n\n\n\n<div class=\"wp-block-group alignfull has-global-padding is-layout-constrained wp-container-core-group-is-layout-ebee8dc1 wp-block-group-is-layout-constrained\" style=\"margin-top:0;margin-bottom:0;padding-top:var(--wp--preset--spacing--50);padding-bottom:var(--wp--preset--spacing--50)\">\n<h2 class=\"wp-block-heading alignwide has-text-align-center\">Nos Races<\/h2>\n\n\n\n<div class=\"wp-block-columns alignwide is-layout-flex wp-container-core-columns-is-layout-28f84493 wp-block-columns-is-layout-flex\">\n<div class=\"wp-block-column is-layout-flow wp-block-column-is-layout-flow\">\n<figure class=\"wp-block-image size-full\" style=\"margin-bottom:24px\"><a href=\"https:\/\/leschevauxdespessageries.fr\/index.php\/camargue\/\" target=\"_blank\" rel=\" noreferrer noopener\"><img loading=\"lazy\" decoding=\"async\" width=\"931\" height=\"698\" src=\"http:\/\/leschevauxdespessageries.fr\/wp-content\/uploads\/2026\/01\/IMG_0849.jpg\" alt=\"\" class=\"wp-image-54\" style=\"aspect-ratio:4\/3;object-fit:cover\" srcset=\"https:\/\/leschevauxdespessageries.fr\/wp-content\/uploads\/2026\/01\/IMG_0849.jpg 931w, https:\/\/leschevauxdespessageries.fr\/wp-content\/uploads\/2026\/01\/IMG_0849-300x225.jpg 300w, https:\/\/leschevauxdespessageries.fr\/wp-content\/uploads\/2026\/01\/IMG_0849-768x576.jpg 768w\" sizes=\"auto, (max-width: 931px) 100vw, 931px\" \/><\/a><\/figure>\n\n\n\n<h3 class=\"wp-block-heading\">                                            <strong> Camargue<\/strong><\/h3>\n\n\n\n<p class=\"has-medium-font-size\">.<\/p>\n<\/div>\n\n\n\n<div class=\"wp-block-column is-layout-flow wp-block-column-is-layout-flow\">\n<figure class=\"wp-block-image size-full\" style=\"margin-bottom:24px\"><a href=\"https:\/\/leschevauxdespessageries.fr\/index.php\/irish-cob\/\" target=\"_blank\" rel=\" noreferrer noopener\"><img decoding=\"async\" src=\"http:\/\/leschevauxdespessageries.fr\/wp-content\/uploads\/2026\/01\/IMG_2749.heic\" alt=\"\" class=\"wp-image-66\" style=\"aspect-ratio:4\/3;object-fit:cover\"\/><\/a><\/figure>\n\n\n\n<h3 class=\"wp-block-heading\">                                               <strong> Irish Cob<\/strong><\/h3>\n\n\n\n<p class=\"has-medium-font-size\">.<\/p>\n<\/div>\n<\/div>\n<\/div>\n\n\n\n<div class=\"wp-block-group alignfull has-global-padding is-layout-constrained wp-block-group-is-layout-constrained\" style=\"margin-top:0;margin-bottom:0;padding-top:var(--wp--preset--spacing--60);padding-bottom:var(--wp--preset--spacing--60)\">\n<div class=\"wp-block-buttons is-content-justification-center is-layout-flex wp-container-core-buttons-is-layout-a89b3969 wp-block-buttons-is-layout-flex\">\n<div class=\"wp-block-button\"><a class=\"wp-block-button__link wp-element-button\" href=\"https:\/\/leschevauxdespessageries.fr\/index.php\/chevaux-a-vendre\/\">Nos chevaux a vendre<\/a><\/div>\n<\/div>\n\n\n\n<div style=\"height:var(--wp--preset--spacing--40)\" aria-hidden=\"true\" class=\"wp-block-spacer\"><\/div>\n<\/div>\n","protected":false},"excerpt":{"rendered":"<p>Notre histoire Les Chevaux des Pessageries sont n\u00e9s d\u2019une passion profonde pour le cheval et d\u2019une aventure familiale guid\u00e9e par le c\u0153ur. Install\u00e9 \u00e0 Saint-Gr\u00e9goire, pr\u00e8s d\u2019Albi dans le Tarn, notre \u00e9levage s\u2019est construit autour de deux races d\u2019exception : l\u2019Irish Cob et le Camargue, choisies pour leur authenticit\u00e9, leur mental et leur g\u00e9n\u00e9rosit\u00e9. Ici, [&hellip;]<\/p>\n","protected":false},"author":1,"featured_media":0,"parent":0,"menu_order":0,"comment_status":"closed","ping_status":"closed","template":"","meta":{"footnotes":""},"class_list":["post-9","page","type-page","status-publish","hentry"],"_links":{"self":[{"href":"https:\/\/leschevauxdespessageries.fr\/index.php\/wp-json\/wp\/v2\/pages\/9","targetHints":{"allow":["GET"]}}],"collection":[{"href":"https:\/\/leschevauxdespessageries.fr\/index.php\/wp-json\/wp\/v2\/pages"}],"about":[{"href":"https:\/\/leschevauxdespessageries.fr\/index.php\/wp-json\/wp\/v2\/types\/page"}],"author":[{"embeddable":true,"href":"https:\/\/leschevauxdespessageries.fr\/index.php\/wp-json\/wp\/v2\/users\/1"}],"replies":[{"embeddable":true,"href":"https:\/\/leschevauxdespessageries.fr\/index.php\/wp-json\/wp\/v2\/comments?post=9"}],"version-history":[{"count":22,"href":"https:\/\/leschevauxdespessageries.fr\/index.php\/wp-json\/wp\/v2\/pages\/9\/revisions"}],"predecessor-version":[{"id":174,"href":"https:\/\/leschevauxdespessageries.fr\/index.php\/wp-json\/wp\/v2\/pages\/9\/revisions\/174"}],"wp:attachment":[{"href":"https:\/\/leschevauxdespessageries.fr\/index.php\/wp-json\/wp\/v2\/media?parent=9"}],"curies":[{"name":"wp","href":"https:\/\/api.w.org\/{rel}","templated":true}]}}