{"id":79,"date":"2026-01-14T13:16:58","date_gmt":"2026-01-14T13:16:58","guid":{"rendered":"https:\/\/leschevauxdespessageries.fr\/?page_id=79"},"modified":"2026-01-14T14:11:59","modified_gmt":"2026-01-14T14:11:59","slug":"camargue","status":"publish","type":"page","link":"https:\/\/leschevauxdespessageries.fr\/index.php\/camargue\/","title":{"rendered":"Camargue"},"content":{"rendered":"\n<p class=\"has-base-background-color has-background\">Le&nbsp;<strong>cheval Camargue<\/strong>&nbsp;est une race embl\u00e9matique du sud de la France, profond\u00e9ment li\u00e9e \u00e0 son territoire et \u00e0 ses traditions. Originaire du delta du Rh\u00f4ne, il est consid\u00e9r\u00e9 comme l\u2019une des plus anciennes races de chevaux au monde, fa\u00e7onn\u00e9e par des si\u00e8cles de vie en milieu naturel.<\/p>\n\n\n\n<p>Reconnaissable \u00e0 sa&nbsp;<strong>robe grise<\/strong>, qui s\u2019\u00e9claircit avec l\u2019\u00e2ge, le Camargue est un cheval&nbsp;<strong>rustique, endurant et s\u00fbr de lui<\/strong>. De taille modeste mais solidement construit, il poss\u00e8de une grande r\u00e9sistance physique et mentale, ce qui en fait un compagnon fiable et polyvalent.<\/p>\n\n\n\n<p>Dot\u00e9 d\u2019un&nbsp;<strong>temp\u00e9rament vif, intelligent et courageux<\/strong>, le cheval Camargue est r\u00e9put\u00e9 pour son sang-froid et sa capacit\u00e9 d\u2019adaptation. Historiquement utilis\u00e9 par les gardians pour le travail du b\u00e9tail, il excelle aujourd\u2019hui aussi bien en&nbsp;<strong>\u00e9quitation de loisir<\/strong>, en&nbsp;<strong>randonn\u00e9e<\/strong>, en&nbsp;<strong>travail \u00e0 pied<\/strong>, qu\u2019en&nbsp;<strong>spectacles \u00e9questres<\/strong>.<\/p>\n\n\n\n<p>V\u00e9ritable symbole de libert\u00e9 et d\u2019authenticit\u00e9, le cheval Camargue s\u00e9duit par son&nbsp;<strong>caract\u00e8re g\u00e9n\u00e9reux<\/strong>, sa robustesse et son lien \u00e9troit avec l\u2019homme. Il incarne un patrimoine vivant, alliant tradition, \u00e9l\u00e9gance naturelle et polyvalence.<\/p>\n\n\n\n<figure class=\"wp-block-gallery has-nested-images columns-default is-cropped wp-block-gallery-1 is-layout-flex wp-block-gallery-is-layout-flex\">\n<figure class=\"wp-block-image size-large\"><img loading=\"lazy\" decoding=\"async\" width=\"931\" height=\"698\" data-id=\"54\" src=\"https:\/\/leschevauxdespessageries.fr\/wp-content\/uploads\/2026\/01\/IMG_0849.jpg\" alt=\"\" class=\"wp-image-54\" srcset=\"https:\/\/leschevauxdespessageries.fr\/wp-content\/uploads\/2026\/01\/IMG_0849.jpg 931w, https:\/\/leschevauxdespessageries.fr\/wp-content\/uploads\/2026\/01\/IMG_0849-300x225.jpg 300w, https:\/\/leschevauxdespessageries.fr\/wp-content\/uploads\/2026\/01\/IMG_0849-768x576.jpg 768w\" sizes=\"auto, (max-width: 931px) 100vw, 931px\" \/><\/figure>\n\n\n\n<figure class=\"wp-block-image size-large\"><img loading=\"lazy\" decoding=\"async\" width=\"768\" height=\"1024\" data-id=\"49\" src=\"https:\/\/leschevauxdespessageries.fr\/wp-content\/uploads\/2026\/01\/6d8c64e1-e0bc-4b94-b575-dbb5fe9a206f-768x1024.jpg\" alt=\"\" class=\"wp-image-49\" srcset=\"https:\/\/leschevauxdespessageries.fr\/wp-content\/uploads\/2026\/01\/6d8c64e1-e0bc-4b94-b575-dbb5fe9a206f-768x1024.jpg 768w, https:\/\/leschevauxdespessageries.fr\/wp-content\/uploads\/2026\/01\/6d8c64e1-e0bc-4b94-b575-dbb5fe9a206f-225x300.jpg 225w, https:\/\/leschevauxdespessageries.fr\/wp-content\/uploads\/2026\/01\/6d8c64e1-e0bc-4b94-b575-dbb5fe9a206f-1152x1536.jpg 1152w, https:\/\/leschevauxdespessageries.fr\/wp-content\/uploads\/2026\/01\/6d8c64e1-e0bc-4b94-b575-dbb5fe9a206f.jpg 1536w\" sizes=\"auto, (max-width: 768px) 100vw, 768px\" \/><\/figure>\n<\/figure>\n\n\n\n<div class=\"wp-block-buttons is-content-justification-center is-layout-flex wp-container-core-buttons-is-layout-a89b3969 wp-block-buttons-is-layout-flex\">\n<div class=\"wp-block-button\"><a class=\"wp-block-button__link has-text-align-center wp-element-button\" href=\"https:\/\/leschevauxdespessageries.fr\/index.php\/irish-cob\/\" target=\"_blank\" rel=\"noreferrer noopener\">D\u00e9couvrir la race Irish Cob<\/a><\/div>\n<\/div>\n\n\n\n<p><\/p>\n","protected":false},"excerpt":{"rendered":"<p>Le&nbsp;cheval Camargue&nbsp;est une race embl\u00e9matique du sud de la France, profond\u00e9ment li\u00e9e \u00e0 son territoire et \u00e0 ses traditions. Originaire du delta du Rh\u00f4ne, il est consid\u00e9r\u00e9 comme l\u2019une des plus anciennes races de chevaux au monde, fa\u00e7onn\u00e9e par des si\u00e8cles de vie en milieu naturel. Reconnaissable \u00e0 sa&nbsp;robe grise, qui s\u2019\u00e9claircit avec l\u2019\u00e2ge, le [&hellip;]<\/p>\n","protected":false},"author":1,"featured_media":0,"parent":0,"menu_order":0,"comment_status":"closed","ping_status":"closed","template":"","meta":{"footnotes":""},"class_list":["post-79","page","type-page","status-publish","hentry"],"_links":{"self":[{"href":"https:\/\/leschevauxdespessageries.fr\/index.php\/wp-json\/wp\/v2\/pages\/79","targetHints":{"allow":["GET"]}}],"collection":[{"href":"https:\/\/leschevauxdespessageries.fr\/index.php\/wp-json\/wp\/v2\/pages"}],"about":[{"href":"https:\/\/leschevauxdespessageries.fr\/index.php\/wp-json\/wp\/v2\/types\/page"}],"author":[{"embeddable":true,"href":"https:\/\/leschevauxdespessageries.fr\/index.php\/wp-json\/wp\/v2\/users\/1"}],"replies":[{"embeddable":true,"href":"https:\/\/leschevauxdespessageries.fr\/index.php\/wp-json\/wp\/v2\/comments?post=79"}],"version-history":[{"count":4,"href":"https:\/\/leschevauxdespessageries.fr\/index.php\/wp-json\/wp\/v2\/pages\/79\/revisions"}],"predecessor-version":[{"id":100,"href":"https:\/\/leschevauxdespessageries.fr\/index.php\/wp-json\/wp\/v2\/pages\/79\/revisions\/100"}],"wp:attachment":[{"href":"https:\/\/leschevauxdespessageries.fr\/index.php\/wp-json\/wp\/v2\/media?parent=79"}],"curies":[{"name":"wp","href":"https:\/\/api.w.org\/{rel}","templated":true}]}}