{"id":34,"date":"2026-01-14T12:02:47","date_gmt":"2026-01-14T12:02:47","guid":{"rendered":"https:\/\/leschevauxdespessageries.fr\/?page_id=34"},"modified":"2026-01-16T18:06:23","modified_gmt":"2026-01-16T18:06:23","slug":"contact","status":"publish","type":"page","link":"https:\/\/leschevauxdespessageries.fr\/index.php\/contact\/","title":{"rendered":"Contact"},"content":{"rendered":"\n<figure class=\"wp-block-gallery has-nested-images columns-default is-cropped wp-block-gallery-1 is-layout-flex wp-block-gallery-is-layout-flex\">\n<figure class=\"wp-block-image size-large\"><img loading=\"lazy\" decoding=\"async\" width=\"1024\" height=\"875\" data-id=\"19\" src=\"https:\/\/leschevauxdespessageries.fr\/wp-content\/uploads\/2026\/01\/IMG_4499-1024x875.jpg\" alt=\"\" class=\"wp-image-19\" srcset=\"https:\/\/leschevauxdespessageries.fr\/wp-content\/uploads\/2026\/01\/IMG_4499-1024x875.jpg 1024w, https:\/\/leschevauxdespessageries.fr\/wp-content\/uploads\/2026\/01\/IMG_4499-300x256.jpg 300w, https:\/\/leschevauxdespessageries.fr\/wp-content\/uploads\/2026\/01\/IMG_4499-768x656.jpg 768w, https:\/\/leschevauxdespessageries.fr\/wp-content\/uploads\/2026\/01\/IMG_4499-1536x1313.jpg 1536w, https:\/\/leschevauxdespessageries.fr\/wp-content\/uploads\/2026\/01\/IMG_4499-2048x1751.jpg 2048w\" sizes=\"auto, (max-width: 1024px) 100vw, 1024px\" \/><\/figure>\n\n\n\n<figure class=\"wp-block-image size-large\"><img loading=\"lazy\" decoding=\"async\" width=\"1024\" height=\"683\" data-id=\"12\" src=\"https:\/\/leschevauxdespessageries.fr\/wp-content\/uploads\/2026\/01\/IMG_4455-1024x683.jpg\" alt=\"\" class=\"wp-image-12\" srcset=\"https:\/\/leschevauxdespessageries.fr\/wp-content\/uploads\/2026\/01\/IMG_4455-1024x683.jpg 1024w, https:\/\/leschevauxdespessageries.fr\/wp-content\/uploads\/2026\/01\/IMG_4455-300x200.jpg 300w, https:\/\/leschevauxdespessageries.fr\/wp-content\/uploads\/2026\/01\/IMG_4455-768x512.jpg 768w, https:\/\/leschevauxdespessageries.fr\/wp-content\/uploads\/2026\/01\/IMG_4455-1536x1024.jpg 1536w, https:\/\/leschevauxdespessageries.fr\/wp-content\/uploads\/2026\/01\/IMG_4455-2048x1365.jpg 2048w\" sizes=\"auto, (max-width: 1024px) 100vw, 1024px\" \/><\/figure>\n<\/figure>\n\n\n\n<p class=\"has-text-align-center\"><strong>Des Renseignements ? N&rsquo;h\u00e9sitez pas \u00e0 nous contacter.<\/strong><\/p>\n\n\n\n<p>Soit par t\u00e9l\u00e9phone :<\/p>\n\n\n\n<hr class=\"wp-block-separator has-alpha-channel-opacity\"\/>\n\n\n\n<div class=\"wp-block-buttons is-content-justification-center is-layout-flex wp-container-core-buttons-is-layout-a89b3969 wp-block-buttons-is-layout-flex\">\n<div class=\"wp-block-button\"><a class=\"wp-block-button__link has-text-align-center wp-element-button\" href=\"tel:0614685821\">0614685821<\/a><\/div>\n<\/div>\n\n\n\n<hr class=\"wp-block-separator has-alpha-channel-opacity\"\/>\n\n\n\n<p>Soit en remplissant notre formulaire de contact ci-dessous<\/p>\n\n\n\n<div class=\"wpcf7 no-js\" id=\"wpcf7-f102-o1\" lang=\"fr-FR\" dir=\"ltr\" data-wpcf7-id=\"102\">\n<div class=\"screen-reader-response\"><p role=\"status\" aria-live=\"polite\" aria-atomic=\"true\"><\/p> <ul><\/ul><\/div>\n<form action=\"\/index.php\/wp-json\/wp\/v2\/pages\/34#wpcf7-f102-o1\" method=\"post\" class=\"wpcf7-form init\" aria-label=\"Formulaire de contact\" novalidate=\"novalidate\" data-status=\"init\">\n<fieldset class=\"hidden-fields-container\"><input type=\"hidden\" name=\"_wpcf7\" value=\"102\" \/><input type=\"hidden\" name=\"_wpcf7_version\" value=\"6.1.4\" \/><input type=\"hidden\" name=\"_wpcf7_locale\" value=\"fr_FR\" \/><input type=\"hidden\" name=\"_wpcf7_unit_tag\" value=\"wpcf7-f102-o1\" \/><input type=\"hidden\" name=\"_wpcf7_container_post\" value=\"0\" \/><input type=\"hidden\" name=\"_wpcf7_posted_data_hash\" value=\"\" \/>\n<\/fieldset>\n<div class=\"cf7-mobile\">\n\t<p><label><br \/>\nNom<br \/>\n<span class=\"wpcf7-form-control-wrap\" data-name=\"your-lastname\"><input size=\"40\" maxlength=\"400\" class=\"wpcf7-form-control wpcf7-text wpcf7-validates-as-required\" autocomplete=\"family-name\" aria-required=\"true\" aria-invalid=\"false\" placeholder=\"Votre nom\" value=\"\" type=\"text\" name=\"your-lastname\" \/><\/span><br \/>\n<\/label>\n\t<\/p>\n\t<p><label><br \/>\nPr\u00e9nom<br \/>\n<span class=\"wpcf7-form-control-wrap\" data-name=\"your-firstname\"><input size=\"40\" maxlength=\"400\" class=\"wpcf7-form-control wpcf7-text wpcf7-validates-as-required\" autocomplete=\"given-name\" aria-required=\"true\" aria-invalid=\"false\" placeholder=\"Votre pr\u00e9nom\" value=\"\" type=\"text\" name=\"your-firstname\" \/><\/span><br \/>\n<\/label>\n\t<\/p>\n\t<p><label><br \/>\nAdresse e-mail<br \/>\n<span class=\"wpcf7-form-control-wrap\" data-name=\"your-email\"><input size=\"40\" maxlength=\"400\" class=\"wpcf7-form-control wpcf7-email wpcf7-validates-as-required wpcf7-text wpcf7-validates-as-email\" autocomplete=\"email\" aria-required=\"true\" aria-invalid=\"false\" placeholder=\"exemple@email.com\" value=\"\" type=\"email\" name=\"your-email\" \/><\/span><br \/>\n<\/label>\n\t<\/p>\n\t<p><label><br \/>\nT\u00e9l\u00e9phone<br \/>\n<span class=\"wpcf7-form-control-wrap\" data-name=\"your-phone\"><input size=\"40\" maxlength=\"400\" class=\"wpcf7-form-control wpcf7-tel wpcf7-text wpcf7-validates-as-tel\" autocomplete=\"tel\" aria-invalid=\"false\" placeholder=\"06 00 00 00 00\" value=\"\" type=\"tel\" name=\"your-phone\" \/><\/span><br \/>\n<\/label>\n\t<\/p>\n\t<p><label><br \/>\nObjet<br \/>\n<span class=\"wpcf7-form-control-wrap\" data-name=\"your-subject\"><input size=\"40\" maxlength=\"400\" class=\"wpcf7-form-control wpcf7-text wpcf7-validates-as-required\" aria-required=\"true\" aria-invalid=\"false\" placeholder=\"Objet de votre message\" value=\"\" type=\"text\" name=\"your-subject\" \/><\/span><br \/>\n<\/label>\n\t<\/p>\n\t<p><label><br \/>\nMessage (facultatif)<br \/>\n<span class=\"wpcf7-form-control-wrap\" data-name=\"your-message\"><textarea cols=\"40\" rows=\"10\" maxlength=\"2000\" class=\"wpcf7-form-control wpcf7-textarea\" aria-invalid=\"false\" placeholder=\"\u00c9crivez votre message ici\u2026\" name=\"your-message\"><\/textarea><\/span><br \/>\n<\/label>\n\t<\/p>\n\t<p><input class=\"wpcf7-form-control wpcf7-submit has-spinner cf7-submit\" type=\"submit\" value=\"Envoyer\" \/>\n\t<\/p>\n<\/div><div class=\"wpcf7-response-output\" aria-hidden=\"true\"><\/div>\n<\/form>\n<\/div>\n\n","protected":false},"excerpt":{"rendered":"<p>Des Renseignements ? N&rsquo;h\u00e9sitez pas \u00e0 nous contacter. Soit par t\u00e9l\u00e9phone : Soit en remplissant notre formulaire de contact ci-dessous<\/p>\n","protected":false},"author":1,"featured_media":0,"parent":0,"menu_order":0,"comment_status":"closed","ping_status":"closed","template":"","meta":{"footnotes":""},"class_list":["post-34","page","type-page","status-publish","hentry"],"_links":{"self":[{"href":"https:\/\/leschevauxdespessageries.fr\/index.php\/wp-json\/wp\/v2\/pages\/34","targetHints":{"allow":["GET"]}}],"collection":[{"href":"https:\/\/leschevauxdespessageries.fr\/index.php\/wp-json\/wp\/v2\/pages"}],"about":[{"href":"https:\/\/leschevauxdespessageries.fr\/index.php\/wp-json\/wp\/v2\/types\/page"}],"author":[{"embeddable":true,"href":"https:\/\/leschevauxdespessageries.fr\/index.php\/wp-json\/wp\/v2\/users\/1"}],"replies":[{"embeddable":true,"href":"https:\/\/leschevauxdespessageries.fr\/index.php\/wp-json\/wp\/v2\/comments?post=34"}],"version-history":[{"count":14,"href":"https:\/\/leschevauxdespessageries.fr\/index.php\/wp-json\/wp\/v2\/pages\/34\/revisions"}],"predecessor-version":[{"id":170,"href":"https:\/\/leschevauxdespessageries.fr\/index.php\/wp-json\/wp\/v2\/pages\/34\/revisions\/170"}],"wp:attachment":[{"href":"https:\/\/leschevauxdespessageries.fr\/index.php\/wp-json\/wp\/v2\/media?parent=34"}],"curies":[{"name":"wp","href":"https:\/\/api.w.org\/{rel}","templated":true}]}}